{"id":3324,"date":"2022-06-16T11:17:53","date_gmt":"2022-06-16T09:17:53","guid":{"rendered":"https:\/\/www.hotelkasano.com\/?page_id=3324"},"modified":"2026-04-01T14:10:41","modified_gmt":"2026-04-01T12:10:41","slug":"hotel-spa-calvi","status":"publish","type":"page","link":"https:\/\/www.hotelkasano.com\/de\/hotel-calvi\/hotel-spa-calvi\/","title":{"rendered":"Hotel Spa Calvi"},"content":{"rendered":"<div data-elementor-type=\"wp-page\" data-elementor-id=\"3324\" class=\"elementor elementor-3324\" data-elementor-post-type=\"page\">\n\t\t\t\t\t\t<section class=\"ob-is-breaking-bad elementor-section elementor-top-section elementor-element elementor-element-493b950 elementor-section-full_width elementor-section-height-min-height elementor-section-height-default elementor-section-items-middle\" data-id=\"493b950\" data-element_type=\"section\" data-settings=\"{&quot;background_background&quot;:&quot;classic&quot;,&quot;_ob_bbad_use_it&quot;:&quot;yes&quot;,&quot;_ob_bbad_sssic_use&quot;:&quot;no&quot;,&quot;_ob_glider_is_slider&quot;:&quot;no&quot;}\">\n\t\t\t\t\t\t\t<div class=\"elementor-background-overlay\"><\/div>\n\t\t\t\t\t\t\t<div class=\"elementor-container elementor-column-gap-default\">\n\t\t\t\t\t<div class=\"elementor-column elementor-col-100 elementor-top-column elementor-element elementor-element-3f5565b\" data-id=\"3f5565b\" data-element_type=\"column\" data-settings=\"{&quot;_ob_bbad_is_stalker&quot;:&quot;no&quot;,&quot;_ob_teleporter_use&quot;:false,&quot;_ob_column_hoveranimator&quot;:&quot;no&quot;,&quot;_ob_column_has_pseudo&quot;:&quot;no&quot;}\">\n\t\t\t<div class=\"elementor-widget-wrap elementor-element-populated\">\n\t\t\t\t\t\t<div class=\"elementor-element elementor-element-d65b194 ob-harakiri-inherit elementor-invisible ob-has-background-overlay elementor-widget elementor-widget-heading\" data-id=\"d65b194\" data-element_type=\"widget\" data-settings=\"{&quot;_animation&quot;:&quot;fadeInUp&quot;,&quot;_ob_use_harakiri&quot;:&quot;yes&quot;,&quot;_ob_harakiri_writing_mode&quot;:&quot;inherit&quot;,&quot;_ob_harakiri_text_clip&quot;:&quot;none&quot;,&quot;_ob_perspektive_use&quot;:&quot;no&quot;,&quot;_ob_poopart_use&quot;:&quot;yes&quot;,&quot;_ob_shadough_use&quot;:&quot;no&quot;,&quot;_ob_allow_hoveranimator&quot;:&quot;no&quot;,&quot;_ob_widget_stalker_use&quot;:&quot;no&quot;}\" data-widget_type=\"heading.default\">\n\t\t\t\t<div class=\"elementor-widget-container\">\n\t\t\t\t\t<span class=\"elementor-heading-title elementor-size-default\">CALVI<\/span>\t\t\t\t<\/div>\n\t\t\t\t<\/div>\n\t\t\t\t\t<\/div>\n\t\t<\/div>\n\t\t\t\t\t<\/div>\n\t\t<\/section>\n\t\t\t\t<section class=\"ob-is-breaking-bad elementor-section elementor-top-section elementor-element elementor-element-34f5773 elementor-section-boxed elementor-section-height-default elementor-section-height-default\" data-id=\"34f5773\" data-element_type=\"section\" data-settings=\"{&quot;background_background&quot;:&quot;classic&quot;,&quot;_ob_bbad_use_it&quot;:&quot;yes&quot;,&quot;_ob_bbad_sssic_use&quot;:&quot;no&quot;,&quot;_ob_glider_is_slider&quot;:&quot;no&quot;}\">\n\t\t\t\t\t\t<div class=\"elementor-container elementor-column-gap-default\">\n\t\t\t\t\t<div class=\"elementor-column elementor-col-100 elementor-top-column elementor-element elementor-element-2e86cec elementor-invisible\" data-id=\"2e86cec\" data-element_type=\"column\" data-settings=\"{&quot;background_background&quot;:&quot;classic&quot;,&quot;animation&quot;:&quot;fadeInUp&quot;,&quot;animation_delay&quot;:300,&quot;animation_mobile&quot;:&quot;none&quot;,&quot;_ob_bbad_is_stalker&quot;:&quot;no&quot;,&quot;_ob_teleporter_use&quot;:false,&quot;_ob_column_hoveranimator&quot;:&quot;no&quot;,&quot;_ob_column_has_pseudo&quot;:&quot;no&quot;}\">\n\t\t\t<div class=\"elementor-widget-wrap elementor-element-populated\">\n\t\t\t\t\t\t<div class=\"elementor-element elementor-element-89fabb2 ob-harakiri-inherit ob-has-background-overlay elementor-widget elementor-widget-heading\" data-id=\"89fabb2\" data-element_type=\"widget\" data-settings=\"{&quot;_ob_use_harakiri&quot;:&quot;yes&quot;,&quot;_ob_harakiri_writing_mode&quot;:&quot;inherit&quot;,&quot;_ob_harakiri_text_clip&quot;:&quot;none&quot;,&quot;_ob_perspektive_use&quot;:&quot;no&quot;,&quot;_ob_poopart_use&quot;:&quot;yes&quot;,&quot;_ob_shadough_use&quot;:&quot;no&quot;,&quot;_ob_allow_hoveranimator&quot;:&quot;no&quot;,&quot;_ob_widget_stalker_use&quot;:&quot;no&quot;}\" data-widget_type=\"heading.default\">\n\t\t\t\t<div class=\"elementor-widget-container\">\n\t\t\t\t\t<h1 class=\"elementor-heading-title elementor-size-default\">hotel spa calvi <\/h1>\t\t\t\t<\/div>\n\t\t\t\t<\/div>\n\t\t\t\t<div class=\"elementor-element elementor-element-79a7abb ob-harakiri-inherit ob-has-background-overlay elementor-widget elementor-widget-heading\" data-id=\"79a7abb\" data-element_type=\"widget\" data-settings=\"{&quot;_ob_use_harakiri&quot;:&quot;yes&quot;,&quot;_ob_harakiri_writing_mode&quot;:&quot;inherit&quot;,&quot;_ob_harakiri_text_clip&quot;:&quot;none&quot;,&quot;_ob_perspektive_use&quot;:&quot;no&quot;,&quot;_ob_poopart_use&quot;:&quot;yes&quot;,&quot;_ob_shadough_use&quot;:&quot;no&quot;,&quot;_ob_allow_hoveranimator&quot;:&quot;no&quot;,&quot;_ob_widget_stalker_use&quot;:&quot;no&quot;}\" data-widget_type=\"heading.default\">\n\t\t\t\t<div class=\"elementor-widget-container\">\n\t\t\t\t\t<h2 class=\"elementor-heading-title elementor-size-default\">Was k\u00f6nnen Sie w\u00e4hrend Ihres Urlaubs im Kasano Hotel Spa Calvi unternehmen?<\/h2>\t\t\t\t<\/div>\n\t\t\t\t<\/div>\n\t\t\t\t<div class=\"elementor-element elementor-element-44b8756 ob-harakiri-inherit ob-has-background-overlay elementor-widget elementor-widget-text-editor\" data-id=\"44b8756\" data-element_type=\"widget\" data-settings=\"{&quot;_ob_use_harakiri&quot;:&quot;yes&quot;,&quot;_ob_harakiri_writing_mode&quot;:&quot;inherit&quot;,&quot;_ob_postman_use&quot;:&quot;no&quot;,&quot;_ob_perspektive_use&quot;:&quot;no&quot;,&quot;_ob_poopart_use&quot;:&quot;yes&quot;,&quot;_ob_shadough_use&quot;:&quot;no&quot;,&quot;_ob_allow_hoveranimator&quot;:&quot;no&quot;,&quot;_ob_widget_stalker_use&quot;:&quot;no&quot;}\" data-widget_type=\"text-editor.default\">\n\t\t\t\t<div class=\"elementor-widget-container\">\n\t\t\t\t\t\t\t\t\t<p>Von der felsigen Landzunge aus, die das Kasano, unser Spa-Hotel, beherbergt, ist Calvi zum Greifen nah. Die Bucht breitet sich vor Ihnen aus und enth\u00fcllt eine grandiose Landschaft. Nutzen Sie Ihren Aufenthalt im Hotel Spa in Calvi, um die Natursch\u00e4tze und das Kulturerbe dieser unumg\u00e4nglichen Stadt auf der Insel der Sch\u00f6nheit zu entdecken.&nbsp;<\/p>\n<p>Calvi liegt in der Region Haute-Corse an der Westk\u00fcste und ist an seiner emblematischen mittelalterlichen Zitadelle und seinen wundersch\u00f6nen Str\u00e4nden zu erkennen. Die Stadt liegt in einer halbmondf\u00f6rmigen Bucht und bietet Besuchern ihre kleinen gepflasterten Stra\u00dfen, Gesch\u00e4fte, Restaurants und eine besondere, geschichtstr\u00e4chtige Atmosph\u00e4re.<\/p>\n<p>Die Stadt Calvi besteht aus einem oberen Teil mit der Zitadelle und einem unteren Teil, in dem sich der Yachthafen befindet. Stellen Sie Ihre Koffer im Kasano Hotel Spa Calvi ab, das ideal am Fu\u00dfe der Zitadelle und nur wenige Minuten vom Hafen und den Str\u00e4nden entfernt liegt. Entdecken Sie auch sein Spa, das Behandlungen der korsischen Marke Casanera anbietet, erfrischen Sie sich im herrlichen Infinity-Pool und beenden Sie den Tag mit einem Drink im <a href=\"https:\/\/www.hotelkasano.com\/de\/bar-calvi\/\">Loria Bar<\/a>. Verbringen Sie erholsame N\u00e4chte in einem der Zimmer und Suiten unseres <a href=\"https:\/\/www.hotelkasano.com\/de\/\">Hotel Spa Calvi<\/a> im Hintergrund und gehen Sie dann auf Entdeckungsreise in dieser Stadt zwischen Meer und Bergen.<\/p><p><br><\/p>\n<p><\/p>\n<p><strong>Erkunden Sie die Altstadt von unserem Spa-Hotel in Calvi aus<\/strong><\/p>\n<p>Rund um unser Spa-Hotel und am Fu\u00dfe der Zitadelle l\u00e4sst sich die Altstadt in den gepflasterten Gassen entdecken. Hier finden Sie zahlreiche Gesch\u00e4fte mit lokalem Kunsthandwerk und Souvenirs. Die \"Unterstadt\" beherbergt auch eine Markthalle, die ein echtes Muss ist, wenn Sie k\u00f6stliche Wurstwaren oder andere korsische Spezialit\u00e4ten mit nach Hause nehmen m\u00f6chten. Die Altstadt von Calvi ist perfekt, um sich mit Souvenirs einzudecken.<\/p><p><br><\/p>\n<p><\/p>\n<p><strong>Besuchen Sie die Zitadelle von Calvi von unserem Spa-Hotel aus<\/strong><\/p>\n<p>\u00dcber unserem <a href=\"https:\/\/www.hotelkasano.com\/de\/spa-calvi\/\">hotel Spa Calvi<\/a> wird von seiner mittelalterlichen Zitadelle beherrscht. Diese wurde von den Genuesen vom 13. bis zum 16. Jahrhundert erbaut. Jahrhundert errichtet. Sie besteht aus zwei T\u00fcrmen und f\u00fcnf Bastionen, die es den Feinden sehr schwer machten. Vers\u00e4umen Sie es nicht, von den Festungsmauern aus den Blick auf die Stadt Calvi und das Meer zu genie\u00dfen: Panoramen von atemberaubender Sch\u00f6nheit. Im Herzen der Zitadelle k\u00f6nnen Sie die als historisches Denkmal eingestufte Kirche Saint-Jean-Baptiste mit ihrem Holztriptychon, den ehemaligen Palast der genuesischen Gouverneure oder Kaserne Sampiero, das Oratorium Saint-Antoine oder auch das Geburtshaus von Christoph Kolumbus entdecken. Der Legende nach wurde der Seefahrer in Calvi geboren, obwohl er 10 Jahre sp\u00e4ter offiziell in Genua geboren wurde.<\/p>\n<p>Das Fremdenverkehrsamt von Calvi bietet Audioguides an, um Ihren Besuch zu begleiten.<\/p><p><br><\/p>\n<p><\/p>\n<p><strong>Genie\u00dfen Sie das Meer vom Kasano Hotel Spa Calvi aus<\/strong><\/p>\n<p>Es ist unm\u00f6glich, Calvi zu besuchen, ohne einen Abstecher zu seinem Yachthafen zu machen. Am Quai Landry schlendert man an den Restaurants und Bars vorbei, trifft sich auf einen Drink oder schifft sich f\u00fcr einen Ausflug zum unber\u00fchrten Strand von Saleccia oder ins Naturreservat Scandola ein.<\/p>\n<p>Am Ende des Kais befindet sich ein riesiger, 4,5 km langer Strand mit feinem Sand. Der von einem Pinienwald ges\u00e4umte Strand von Calvi ist der ideale Ort, um seine Br\u00e4une zu perfektionieren, ein paar Bahnen im kristallklaren Wasser des Mittelmeers zu ziehen, aber auch um Wassersportaktivit\u00e4ten auszu\u00fcben.<\/p>\t\t\t\t\t\t\t\t<\/div>\n\t\t\t\t<\/div>\n\t\t\t\t\t<\/div>\n\t\t<\/div>\n\t\t\t\t\t<\/div>\n\t\t<\/section>\n\t\t\t\t<section class=\"ob-is-breaking-bad elementor-section elementor-top-section elementor-element elementor-element-00604ab elementor-section-full_width elementor-section-height-min-height elementor-section-height-default elementor-section-items-middle\" data-id=\"00604ab\" data-element_type=\"section\" data-settings=\"{&quot;background_background&quot;:&quot;classic&quot;,&quot;_ob_bbad_use_it&quot;:&quot;yes&quot;,&quot;_ob_bbad_sssic_use&quot;:&quot;no&quot;,&quot;_ob_glider_is_slider&quot;:&quot;no&quot;}\">\n\t\t\t\t\t\t<div class=\"elementor-container elementor-column-gap-default\">\n\t\t\t\t\t<div class=\"elementor-column elementor-col-100 elementor-top-column elementor-element elementor-element-8c39612\" data-id=\"8c39612\" data-element_type=\"column\" data-settings=\"{&quot;_ob_bbad_is_stalker&quot;:&quot;no&quot;,&quot;_ob_teleporter_use&quot;:false,&quot;_ob_column_hoveranimator&quot;:&quot;no&quot;,&quot;_ob_column_has_pseudo&quot;:&quot;no&quot;}\">\n\t\t\t<div class=\"elementor-widget-wrap\">\n\t\t\t\t\t\t\t<\/div>\n\t\t<\/div>\n\t\t\t\t\t<\/div>\n\t\t<\/section>\n\t\t\t\t<section class=\"ob-is-breaking-bad elementor-section elementor-top-section elementor-element elementor-element-cfbdc97 elementor-section-boxed elementor-section-height-default elementor-section-height-default\" data-id=\"cfbdc97\" data-element_type=\"section\" data-settings=\"{&quot;_ob_bbad_use_it&quot;:&quot;yes&quot;,&quot;_ob_bbad_sssic_use&quot;:&quot;no&quot;,&quot;_ob_glider_is_slider&quot;:&quot;no&quot;}\">\n\t\t\t\t\t\t<div class=\"elementor-container elementor-column-gap-default\">\n\t\t\t\t\t<div class=\"elementor-column elementor-col-33 elementor-top-column elementor-element elementor-element-eb2c8c1 bloc-lien animated-slow elementor-invisible\" data-id=\"eb2c8c1\" data-element_type=\"column\" data-settings=\"{&quot;animation&quot;:&quot;fadeInUp&quot;,&quot;animation_mobile&quot;:&quot;none&quot;,&quot;_ob_bbad_link&quot;:{&quot;url&quot;:&quot;https:\\\/\\\/www.hotelkasano.com\\\/de\\\/hotel-calvi\\\/&quot;,&quot;is_external&quot;:&quot;&quot;,&quot;nofollow&quot;:&quot;&quot;,&quot;custom_attributes&quot;:&quot;&quot;},&quot;_ob_column_has_pseudo&quot;:&quot;no&quot;}\">\n\t\t\t<div class=\"elementor-widget-wrap elementor-element-populated\">\n\t\t\t\t\t\t<div class=\"elementor-element elementor-element-4e0436d ob-harakiri-inherit ob-has-background-overlay elementor-widget elementor-widget-heading\" data-id=\"4e0436d\" data-element_type=\"widget\" data-settings=\"{&quot;_ob_use_harakiri&quot;:&quot;yes&quot;,&quot;_ob_harakiri_writing_mode&quot;:&quot;inherit&quot;,&quot;_ob_harakiri_text_clip&quot;:&quot;none&quot;,&quot;_ob_perspektive_use&quot;:&quot;no&quot;,&quot;_ob_poopart_use&quot;:&quot;yes&quot;,&quot;_ob_shadough_use&quot;:&quot;no&quot;,&quot;_ob_allow_hoveranimator&quot;:&quot;no&quot;,&quot;_ob_widget_stalker_use&quot;:&quot;no&quot;}\" data-widget_type=\"heading.default\">\n\t\t\t\t<div class=\"elementor-widget-container\">\n\t\t\t\t\t<span class=\"elementor-heading-title elementor-size-large\">CALVI<\/span>\t\t\t\t<\/div>\n\t\t\t\t<\/div>\n\t\t\t\t<div class=\"elementor-element elementor-element-2393770 ob-harakiri-inherit ob-has-background-overlay elementor-widget elementor-widget-heading\" data-id=\"2393770\" data-element_type=\"widget\" data-settings=\"{&quot;_ob_use_harakiri&quot;:&quot;yes&quot;,&quot;_ob_harakiri_writing_mode&quot;:&quot;inherit&quot;,&quot;_ob_harakiri_text_clip&quot;:&quot;none&quot;,&quot;_ob_perspektive_use&quot;:&quot;no&quot;,&quot;_ob_poopart_use&quot;:&quot;yes&quot;,&quot;_ob_shadough_use&quot;:&quot;no&quot;,&quot;_ob_allow_hoveranimator&quot;:&quot;no&quot;,&quot;_ob_widget_stalker_use&quot;:&quot;no&quot;}\" data-widget_type=\"heading.default\">\n\t\t\t\t<div class=\"elementor-widget-container\">\n\t\t\t\t\t<h2 class=\"elementor-heading-title elementor-size-default\">Hotel calvi luxus<\/h2>\t\t\t\t<\/div>\n\t\t\t\t<\/div>\n\t\t\t\t<div class=\"elementor-element elementor-element-b748e1b elementor-align-center ob-has-background-overlay elementor-widget elementor-widget-button\" data-id=\"b748e1b\" data-element_type=\"widget\" data-settings=\"{&quot;_ob_butterbutton_use_it&quot;:&quot;no&quot;,&quot;_ob_perspektive_use&quot;:&quot;no&quot;,&quot;_ob_poopart_use&quot;:&quot;yes&quot;,&quot;_ob_shadough_use&quot;:&quot;no&quot;,&quot;_ob_allow_hoveranimator&quot;:&quot;no&quot;,&quot;_ob_widget_stalker_use&quot;:&quot;no&quot;}\" data-widget_type=\"button.default\">\n\t\t\t\t<div class=\"elementor-widget-container\">\n\t\t\t\t\t\t\t\t\t<div class=\"elementor-button-wrapper\">\n\t\t\t\t\t<a class=\"elementor-button elementor-button-link elementor-size-sm\" href=\"https:\/\/www.hotelkasano.com\/de\/hotel-calvi\/\">\n\t\t\t\t\t\t<span class=\"elementor-button-content-wrapper\">\n\t\t\t\t\t\t\t\t\t<span class=\"elementor-button-text\">Mehr erfahren<\/span>\n\t\t\t\t\t<\/span>\n\t\t\t\t\t<\/a>\n\t\t\t\t<\/div>\n\t\t\t\t\t\t\t\t<\/div>\n\t\t\t\t<\/div>\n\t\t\t\t<div class=\"elementor-element elementor-element-1e0db71 ob-has-background-overlay elementor-widget elementor-widget-image\" data-id=\"1e0db71\" data-element_type=\"widget\" data-settings=\"{&quot;_ob_photomorph_use&quot;:&quot;no&quot;,&quot;_ob_perspektive_use&quot;:&quot;no&quot;,&quot;_ob_poopart_use&quot;:&quot;yes&quot;,&quot;_ob_shadough_use&quot;:&quot;no&quot;,&quot;_ob_allow_hoveranimator&quot;:&quot;no&quot;,&quot;_ob_widget_stalker_use&quot;:&quot;no&quot;}\" data-widget_type=\"image.default\">\n\t\t\t\t<div class=\"elementor-widget-container\">\n\t\t\t\t\t\t\t\t\t\t\t\t\t\t\t<img decoding=\"async\" src=\"https:\/\/www.hotelkasano.com\/wp-content\/uploads\/elementor\/thumbs\/iStock-874522516-r7fk1owqq2fodcnl7n3stewemdqhf0xjygvnys5dnu.jpg\" title=\"Luftaufnahme von Calvi City, Korsika, Frankreich\" alt=\"Luftaufnahme der Stadt Calvi, Korsika, Frankreich. Stadtmauern, Klippe mit Blick auf das Meer\" loading=\"lazy\" \/>\t\t\t\t\t\t\t\t\t\t\t\t\t\t\t<\/div>\n\t\t\t\t<\/div>\n\t\t\t\t\t<\/div>\n\t\t<\/div>\n\t\t\t\t<div class=\"elementor-column elementor-col-33 elementor-top-column elementor-element elementor-element-60976f2 bloc-lien animated-slow elementor-invisible\" data-id=\"60976f2\" data-element_type=\"column\" data-settings=\"{&quot;animation&quot;:&quot;fadeInDown&quot;,&quot;animation_mobile&quot;:&quot;none&quot;,&quot;_ob_bbad_link&quot;:{&quot;url&quot;:&quot;https:\\\/\\\/www.hotelkasano.com\\\/de\\\/zimmer-hotel-luxe-calvi\\\/&quot;,&quot;is_external&quot;:&quot;&quot;,&quot;nofollow&quot;:&quot;&quot;,&quot;custom_attributes&quot;:&quot;&quot;},&quot;_ob_column_has_pseudo&quot;:&quot;no&quot;}\">\n\t\t\t<div class=\"elementor-widget-wrap elementor-element-populated\">\n\t\t\t\t\t\t<div class=\"elementor-element elementor-element-f39d433 ob-harakiri-inherit ob-has-background-overlay elementor-widget elementor-widget-heading\" data-id=\"f39d433\" data-element_type=\"widget\" data-settings=\"{&quot;_ob_use_harakiri&quot;:&quot;yes&quot;,&quot;_ob_harakiri_writing_mode&quot;:&quot;inherit&quot;,&quot;_ob_harakiri_text_clip&quot;:&quot;none&quot;,&quot;_ob_perspektive_use&quot;:&quot;no&quot;,&quot;_ob_poopart_use&quot;:&quot;yes&quot;,&quot;_ob_shadough_use&quot;:&quot;no&quot;,&quot;_ob_allow_hoveranimator&quot;:&quot;no&quot;,&quot;_ob_widget_stalker_use&quot;:&quot;no&quot;}\" data-widget_type=\"heading.default\">\n\t\t\t\t<div class=\"elementor-widget-container\">\n\t\t\t\t\t<span class=\"elementor-heading-title elementor-size-default\">ZIMMER<\/span>\t\t\t\t<\/div>\n\t\t\t\t<\/div>\n\t\t\t\t<div class=\"elementor-element elementor-element-f29a8cc ob-harakiri-inherit ob-has-background-overlay elementor-widget elementor-widget-heading\" data-id=\"f29a8cc\" data-element_type=\"widget\" data-settings=\"{&quot;_ob_use_harakiri&quot;:&quot;yes&quot;,&quot;_ob_harakiri_writing_mode&quot;:&quot;inherit&quot;,&quot;_ob_harakiri_text_clip&quot;:&quot;none&quot;,&quot;_ob_perspektive_use&quot;:&quot;no&quot;,&quot;_ob_poopart_use&quot;:&quot;yes&quot;,&quot;_ob_shadough_use&quot;:&quot;no&quot;,&quot;_ob_allow_hoveranimator&quot;:&quot;no&quot;,&quot;_ob_widget_stalker_use&quot;:&quot;no&quot;}\" data-widget_type=\"heading.default\">\n\t\t\t\t<div class=\"elementor-widget-container\">\n\t\t\t\t\t<h2 class=\"elementor-heading-title elementor-size-default\">Hotel calvi luxus<\/h2>\t\t\t\t<\/div>\n\t\t\t\t<\/div>\n\t\t\t\t<div class=\"elementor-element elementor-element-7d52daf elementor-align-center ob-has-background-overlay elementor-widget elementor-widget-button\" data-id=\"7d52daf\" data-element_type=\"widget\" data-settings=\"{&quot;_ob_butterbutton_use_it&quot;:&quot;no&quot;,&quot;_ob_perspektive_use&quot;:&quot;no&quot;,&quot;_ob_poopart_use&quot;:&quot;yes&quot;,&quot;_ob_shadough_use&quot;:&quot;no&quot;,&quot;_ob_allow_hoveranimator&quot;:&quot;no&quot;,&quot;_ob_widget_stalker_use&quot;:&quot;no&quot;}\" data-widget_type=\"button.default\">\n\t\t\t\t<div class=\"elementor-widget-container\">\n\t\t\t\t\t\t\t\t\t<div class=\"elementor-button-wrapper\">\n\t\t\t\t\t<a class=\"elementor-button elementor-button-link elementor-size-sm\" href=\"https:\/\/www.hotelkasano.com\/de\/zimmer-hotel-luxe-calvi\/\">\n\t\t\t\t\t\t<span class=\"elementor-button-content-wrapper\">\n\t\t\t\t\t\t\t\t\t<span class=\"elementor-button-text\">Mehr erfahren<\/span>\n\t\t\t\t\t<\/span>\n\t\t\t\t\t<\/a>\n\t\t\t\t<\/div>\n\t\t\t\t\t\t\t\t<\/div>\n\t\t\t\t<\/div>\n\t\t\t\t<div class=\"elementor-element elementor-element-b5df467 ob-has-background-overlay elementor-widget elementor-widget-image\" data-id=\"b5df467\" data-element_type=\"widget\" data-settings=\"{&quot;_ob_photomorph_use&quot;:&quot;no&quot;,&quot;_ob_perspektive_use&quot;:&quot;no&quot;,&quot;_ob_poopart_use&quot;:&quot;yes&quot;,&quot;_ob_shadough_use&quot;:&quot;no&quot;,&quot;_ob_allow_hoveranimator&quot;:&quot;no&quot;,&quot;_ob_widget_stalker_use&quot;:&quot;no&quot;}\" data-widget_type=\"image.default\">\n\t\t\t\t<div class=\"elementor-widget-container\">\n\t\t\t\t\t\t\t\t\t\t\t\t\t\t\t<img decoding=\"async\" src=\"https:\/\/www.hotelkasano.com\/wp-content\/uploads\/elementor\/thumbs\/web_kasano_calvi_suite_superieure_0007__I7A0853-r7fk1owqq2fodcnl7n3stewemdqhf0xjygvnys5dnu.jpg\" title=\"web_kasano_calvi_suite_superieure_0007__I7A0853\" alt=\"web_kasano_calvi_suite_superieure_0007__I7A0853\" loading=\"lazy\" \/>\t\t\t\t\t\t\t\t\t\t\t\t\t\t\t<\/div>\n\t\t\t\t<\/div>\n\t\t\t\t\t<\/div>\n\t\t<\/div>\n\t\t\t\t<div class=\"elementor-column elementor-col-33 elementor-top-column elementor-element elementor-element-d95708e bloc-lien animated-slow elementor-invisible\" data-id=\"d95708e\" data-element_type=\"column\" data-settings=\"{&quot;animation&quot;:&quot;fadeInUp&quot;,&quot;animation_mobile&quot;:&quot;none&quot;,&quot;_ob_bbad_link&quot;:{&quot;url&quot;:&quot;https:\\\/\\\/www.hotelkasano.com\\\/de\\\/bar-calvi\\\/&quot;,&quot;is_external&quot;:&quot;&quot;,&quot;nofollow&quot;:&quot;&quot;,&quot;custom_attributes&quot;:&quot;&quot;},&quot;_ob_bbad_is_stalker&quot;:&quot;no&quot;,&quot;_ob_teleporter_use&quot;:false,&quot;_ob_column_hoveranimator&quot;:&quot;no&quot;,&quot;_ob_column_has_pseudo&quot;:&quot;no&quot;}\">\n\t\t\t<div class=\"elementor-widget-wrap elementor-element-populated\">\n\t\t\t\t\t\t<div class=\"elementor-element elementor-element-2c5147d ob-harakiri-inherit ob-has-background-overlay elementor-widget elementor-widget-heading\" data-id=\"2c5147d\" data-element_type=\"widget\" data-settings=\"{&quot;_ob_use_harakiri&quot;:&quot;yes&quot;,&quot;_ob_harakiri_writing_mode&quot;:&quot;inherit&quot;,&quot;_ob_harakiri_text_clip&quot;:&quot;none&quot;,&quot;_ob_perspektive_use&quot;:&quot;no&quot;,&quot;_ob_poopart_use&quot;:&quot;yes&quot;,&quot;_ob_shadough_use&quot;:&quot;no&quot;,&quot;_ob_allow_hoveranimator&quot;:&quot;no&quot;,&quot;_ob_widget_stalker_use&quot;:&quot;no&quot;}\" data-widget_type=\"heading.default\">\n\t\t\t\t<div class=\"elementor-widget-container\">\n\t\t\t\t\t<span class=\"elementor-heading-title elementor-size-default\">Loria Bar<\/span>\t\t\t\t<\/div>\n\t\t\t\t<\/div>\n\t\t\t\t<div class=\"elementor-element elementor-element-3e04e39 ob-harakiri-inherit ob-has-background-overlay elementor-widget elementor-widget-heading\" data-id=\"3e04e39\" data-element_type=\"widget\" data-settings=\"{&quot;_ob_use_harakiri&quot;:&quot;yes&quot;,&quot;_ob_harakiri_writing_mode&quot;:&quot;inherit&quot;,&quot;_ob_harakiri_text_clip&quot;:&quot;none&quot;,&quot;_ob_perspektive_use&quot;:&quot;no&quot;,&quot;_ob_poopart_use&quot;:&quot;yes&quot;,&quot;_ob_shadough_use&quot;:&quot;no&quot;,&quot;_ob_allow_hoveranimator&quot;:&quot;no&quot;,&quot;_ob_widget_stalker_use&quot;:&quot;no&quot;}\" data-widget_type=\"heading.default\">\n\t\t\t\t<div class=\"elementor-widget-container\">\n\t\t\t\t\t<h2 class=\"elementor-heading-title elementor-size-default\">Hotel calvi luxus<\/h2>\t\t\t\t<\/div>\n\t\t\t\t<\/div>\n\t\t\t\t<div class=\"elementor-element elementor-element-f97b65d elementor-align-center ob-has-background-overlay elementor-widget elementor-widget-button\" data-id=\"f97b65d\" data-element_type=\"widget\" data-settings=\"{&quot;_ob_butterbutton_use_it&quot;:&quot;no&quot;,&quot;_ob_perspektive_use&quot;:&quot;no&quot;,&quot;_ob_poopart_use&quot;:&quot;yes&quot;,&quot;_ob_shadough_use&quot;:&quot;no&quot;,&quot;_ob_allow_hoveranimator&quot;:&quot;no&quot;,&quot;_ob_widget_stalker_use&quot;:&quot;no&quot;}\" data-widget_type=\"button.default\">\n\t\t\t\t<div class=\"elementor-widget-container\">\n\t\t\t\t\t\t\t\t\t<div class=\"elementor-button-wrapper\">\n\t\t\t\t\t<a class=\"elementor-button elementor-button-link elementor-size-sm\" href=\"https:\/\/www.hotelkasano.com\/de\/bar-calvi\/\">\n\t\t\t\t\t\t<span class=\"elementor-button-content-wrapper\">\n\t\t\t\t\t\t\t\t\t<span class=\"elementor-button-text\">Mehr erfahren<\/span>\n\t\t\t\t\t<\/span>\n\t\t\t\t\t<\/a>\n\t\t\t\t<\/div>\n\t\t\t\t\t\t\t\t<\/div>\n\t\t\t\t<\/div>\n\t\t\t\t<div class=\"elementor-element elementor-element-09f0e79 ob-has-background-overlay elementor-widget elementor-widget-image\" data-id=\"09f0e79\" data-element_type=\"widget\" data-settings=\"{&quot;_ob_photomorph_use&quot;:&quot;no&quot;,&quot;_ob_perspektive_use&quot;:&quot;no&quot;,&quot;_ob_poopart_use&quot;:&quot;yes&quot;,&quot;_ob_shadough_use&quot;:&quot;no&quot;,&quot;_ob_allow_hoveranimator&quot;:&quot;no&quot;,&quot;_ob_widget_stalker_use&quot;:&quot;no&quot;}\" data-widget_type=\"image.default\">\n\t\t\t\t<div class=\"elementor-widget-container\">\n\t\t\t\t\t\t\t\t\t\t\t\t\t\t\t<img decoding=\"async\" src=\"https:\/\/www.hotelkasano.com\/wp-content\/uploads\/elementor\/thumbs\/web_kasano_calvi_parties_communes_0006__I7A0978-r7fk1nywj8ee1qoyd4p68x4y0zv47bttmc86hi6ru2.jpg\" title=\"web_kasano_calvi_parties_communes_0006__I7A0978\" alt=\"web_kasano_calvi_parties_communes_0006__I7A0978\" loading=\"lazy\" \/>\t\t\t\t\t\t\t\t\t\t\t\t\t\t\t<\/div>\n\t\t\t\t<\/div>\n\t\t\t\t\t<\/div>\n\t\t<\/div>\n\t\t\t\t\t<\/div>\n\t\t<\/section>\n\t\t\t\t<\/div>","protected":false},"excerpt":{"rendered":"<p>CALVI hotel spa calvi Was k\u00f6nnen Sie w\u00e4hrend Ihres Urlaubs im Kasano Hotel Spa Calvi unternehmen? Von der felsigen Landzunge aus, die das Kasano, unser Hotel Spa, beherbergt, ist Calvi zum Greifen nah. Die Bucht breitet sich vor Ihnen aus und enth\u00fcllt eine grandiose Landschaft. Nutzen Sie Ihren Aufenthalt im Hotel Spa in Calvi, um die Sch\u00e4tze [...]] zu entdecken.<\/p>","protected":false},"author":7,"featured_media":0,"parent":2743,"menu_order":0,"comment_status":"closed","ping_status":"closed","template":"","meta":{"inline_featured_image":false,"footnotes":""},"class_list":["post-3324","page","type-page","status-publish","hentry"],"_links":{"self":[{"href":"https:\/\/www.hotelkasano.com\/de\/wp-json\/wp\/v2\/pages\/3324","targetHints":{"allow":["GET"]}}],"collection":[{"href":"https:\/\/www.hotelkasano.com\/de\/wp-json\/wp\/v2\/pages"}],"about":[{"href":"https:\/\/www.hotelkasano.com\/de\/wp-json\/wp\/v2\/types\/page"}],"author":[{"embeddable":true,"href":"https:\/\/www.hotelkasano.com\/de\/wp-json\/wp\/v2\/users\/7"}],"replies":[{"embeddable":true,"href":"https:\/\/www.hotelkasano.com\/de\/wp-json\/wp\/v2\/comments?post=3324"}],"version-history":[{"count":31,"href":"https:\/\/www.hotelkasano.com\/de\/wp-json\/wp\/v2\/pages\/3324\/revisions"}],"predecessor-version":[{"id":4506,"href":"https:\/\/www.hotelkasano.com\/de\/wp-json\/wp\/v2\/pages\/3324\/revisions\/4506"}],"up":[{"embeddable":true,"href":"https:\/\/www.hotelkasano.com\/de\/wp-json\/wp\/v2\/pages\/2743"}],"wp:attachment":[{"href":"https:\/\/www.hotelkasano.com\/de\/wp-json\/wp\/v2\/media?parent=3324"}],"curies":[{"name":"wp","href":"https:\/\/api.w.org\/{rel}","templated":true}]}}